{"id":11,"date":"2019-03-30T20:49:19","date_gmt":"2019-03-30T19:49:19","guid":{"rendered":"https:\/\/dev.hoppe-biermeyer.de\/sc-ostenland\/?page_id=11"},"modified":"2020-04-16T10:32:33","modified_gmt":"2020-04-16T08:32:33","slug":"fussball","status":"publish","type":"page","link":"https:\/\/sc-ostenland.de\/index.php\/fussball","title":{"rendered":"Fu\u00dfball"},"content":{"rendered":"<p>&#8222;Ein Tag ohne Fu\u00dfball ist ein verlorener Tag&#8220; &#8211; So oder so \u00e4hnlich denkt ein sehr gro\u00dfer Teil hier in Ostenland. Deshalb schau doch einfach mal rein und sieh dir an, was in unserer Fu\u00dfballabteilung so passiert, denn hier ist f\u00fcr jeden was dabei, egal ob jung oder alt.<\/p>\n","protected":false},"excerpt":{"rendered":"&#8222;Ein Tag ohne Fu\u00dfball ist ein verlorener Tag&#8220; &#8211; So oder so \u00e4hnlich denkt ein sehr gro\u00dfer Teil hier in Ostenland. Deshalb schau doch einfach mal rein und sieh dir an, was in unserer Fu\u00dfballabteilung so passiert, denn hier ist f\u00fcr jeden was dabei, egal ob jung oder alt....<\/br><\/br><a class=\"view-article\" href=\"https:\/\/sc-ostenland.de\/index.php\/fussball\">Artikel ansehen<\/a>","protected":false},"author":1,"featured_media":995,"parent":0,"menu_order":3,"comment_status":"closed","ping_status":"closed","template":"","meta":{"_acf_changed":false,"footnotes":""},"acf":[],"_links":{"self":[{"href":"https:\/\/sc-ostenland.de\/index.php\/wp-json\/wp\/v2\/pages\/11"}],"collection":[{"href":"https:\/\/sc-ostenland.de\/index.php\/wp-json\/wp\/v2\/pages"}],"about":[{"href":"https:\/\/sc-ostenland.de\/index.php\/wp-json\/wp\/v2\/types\/page"}],"author":[{"embeddable":true,"href":"https:\/\/sc-ostenland.de\/index.php\/wp-json\/wp\/v2\/users\/1"}],"replies":[{"embeddable":true,"href":"https:\/\/sc-ostenland.de\/index.php\/wp-json\/wp\/v2\/comments?post=11"}],"version-history":[{"count":9,"href":"https:\/\/sc-ostenland.de\/index.php\/wp-json\/wp\/v2\/pages\/11\/revisions"}],"predecessor-version":[{"id":1280,"href":"https:\/\/sc-ostenland.de\/index.php\/wp-json\/wp\/v2\/pages\/11\/revisions\/1280"}],"wp:featuredmedia":[{"embeddable":true,"href":"https:\/\/sc-ostenland.de\/index.php\/wp-json\/wp\/v2\/media\/995"}],"wp:attachment":[{"href":"https:\/\/sc-ostenland.de\/index.php\/wp-json\/wp\/v2\/media?parent=11"}],"curies":[{"name":"wp","href":"https:\/\/api.w.org\/{rel}","templated":true}]}}