{"id":112,"date":"2019-07-23T13:17:05","date_gmt":"2019-07-23T11:17:05","guid":{"rendered":"https:\/\/dev.hoppe-biermeyer.de\/sc-ostenland\/?page_id=112"},"modified":"2026-02-04T10:16:38","modified_gmt":"2026-02-04T09:16:38","slug":"startseite","status":"publish","type":"page","link":"https:\/\/sc-ostenland.de\/","title":{"rendered":"Startseite"},"content":{"rendered":"\r\n<p>&#8222;Mit Herz &amp; Verstand &#8211; SC Ostenland&#8220;<\/p>\r\n\r\n\r\n\r\n<p>Der SC Blau Wei\u00df Ostenland e.V. ist mit \u00fcber 2.150 Mitgliedern einer der gr\u00f6\u00dften Breitensportvereine im Kreis Paderborn &#8211; und das in einem Dorf mit ca. 3.000 Einwohnern.<br \/>Unsere 8 aktiven Abteilungen bieten unterschiedlichste Sportangebote &#8211; da ist sicherlich f\u00fcr jeden was dabei! Erfahren Sie auf dieser Seite Neues rund um den SCO, informieren Sie sich \u00fcber das Sportangebot oder erledigen Sie Organisatorisches.<\/p>\r\n\r\n\r\n\r\n<p>&nbsp;<\/p>\r\n","protected":false},"excerpt":{"rendered":"&#8222;Mit Herz &amp; Verstand &#8211; SC Ostenland&#8220; Der SC Blau Wei\u00df Ostenland e.V. ist mit \u00fcber 2.150 Mitgliedern einer der gr\u00f6\u00dften Breitensportvereine im Kreis Paderborn &#8211; und das in einem Dorf mit ca. 3.000 Einwohnern.Unsere 8 aktiven Abteilungen bieten unterschiedlichste Sportangebote &#8211; da ist sicherlich f\u00fcr jeden was dabei! Erfahren Sie auf dieser Seite Neues...<\/br><\/br><a class=\"view-article\" href=\"https:\/\/sc-ostenland.de\/\">Artikel ansehen<\/a>","protected":false},"author":1,"featured_media":0,"parent":0,"menu_order":0,"comment_status":"closed","ping_status":"closed","template":"index.php","meta":{"_acf_changed":false,"footnotes":""},"acf":[],"_links":{"self":[{"href":"https:\/\/sc-ostenland.de\/index.php\/wp-json\/wp\/v2\/pages\/112"}],"collection":[{"href":"https:\/\/sc-ostenland.de\/index.php\/wp-json\/wp\/v2\/pages"}],"about":[{"href":"https:\/\/sc-ostenland.de\/index.php\/wp-json\/wp\/v2\/types\/page"}],"author":[{"embeddable":true,"href":"https:\/\/sc-ostenland.de\/index.php\/wp-json\/wp\/v2\/users\/1"}],"replies":[{"embeddable":true,"href":"https:\/\/sc-ostenland.de\/index.php\/wp-json\/wp\/v2\/comments?post=112"}],"version-history":[{"count":20,"href":"https:\/\/sc-ostenland.de\/index.php\/wp-json\/wp\/v2\/pages\/112\/revisions"}],"predecessor-version":[{"id":4863,"href":"https:\/\/sc-ostenland.de\/index.php\/wp-json\/wp\/v2\/pages\/112\/revisions\/4863"}],"wp:attachment":[{"href":"https:\/\/sc-ostenland.de\/index.php\/wp-json\/wp\/v2\/media?parent=112"}],"curies":[{"name":"wp","href":"https:\/\/api.w.org\/{rel}","templated":true}]}}