{"id":15,"date":"2019-03-30T20:49:55","date_gmt":"2019-03-30T19:49:55","guid":{"rendered":"https:\/\/dev.hoppe-biermeyer.de\/sc-ostenland\/?page_id=15"},"modified":"2020-03-22T14:37:54","modified_gmt":"2020-03-22T13:37:54","slug":"tanzen","status":"publish","type":"page","link":"https:\/\/sc-ostenland.de\/index.php\/tanzen","title":{"rendered":"Tanzen"},"content":{"rendered":"<p>Tanzen ist \u201eTr\u00e4umen mit den Beinen!\u201c<\/p>\n<p>Diesen Traum erf\u00fcllt die Tanzabteilung des SC Blau-Wei\u00df Ostenland. T\u00e4nze f\u00fcr verschiedene Altersklassen werden angeboten. Vielleicht ist auch f\u00fcr dich etwas dabei. <strong>Tanz mal dr\u00fcber nach<\/strong>!<\/p>\n","protected":false},"excerpt":{"rendered":"Tanzen ist \u201eTr\u00e4umen mit den Beinen!\u201c Diesen Traum erf\u00fcllt die Tanzabteilung des SC Blau-Wei\u00df Ostenland. T\u00e4nze f\u00fcr verschiedene Altersklassen werden angeboten. Vielleicht ist auch f\u00fcr dich etwas dabei. Tanz mal dr\u00fcber nach!...<\/br><\/br><a class=\"view-article\" href=\"https:\/\/sc-ostenland.de\/index.php\/tanzen\">Artikel ansehen<\/a>","protected":false},"author":1,"featured_media":999,"parent":0,"menu_order":5,"comment_status":"closed","ping_status":"closed","template":"","meta":{"_acf_changed":false,"footnotes":""},"acf":[],"_links":{"self":[{"href":"https:\/\/sc-ostenland.de\/index.php\/wp-json\/wp\/v2\/pages\/15"}],"collection":[{"href":"https:\/\/sc-ostenland.de\/index.php\/wp-json\/wp\/v2\/pages"}],"about":[{"href":"https:\/\/sc-ostenland.de\/index.php\/wp-json\/wp\/v2\/types\/page"}],"author":[{"embeddable":true,"href":"https:\/\/sc-ostenland.de\/index.php\/wp-json\/wp\/v2\/users\/1"}],"replies":[{"embeddable":true,"href":"https:\/\/sc-ostenland.de\/index.php\/wp-json\/wp\/v2\/comments?post=15"}],"version-history":[{"count":25,"href":"https:\/\/sc-ostenland.de\/index.php\/wp-json\/wp\/v2\/pages\/15\/revisions"}],"predecessor-version":[{"id":1132,"href":"https:\/\/sc-ostenland.de\/index.php\/wp-json\/wp\/v2\/pages\/15\/revisions\/1132"}],"wp:featuredmedia":[{"embeddable":true,"href":"https:\/\/sc-ostenland.de\/index.php\/wp-json\/wp\/v2\/media\/999"}],"wp:attachment":[{"href":"https:\/\/sc-ostenland.de\/index.php\/wp-json\/wp\/v2\/media?parent=15"}],"curies":[{"name":"wp","href":"https:\/\/api.w.org\/{rel}","templated":true}]}}