{"id":17,"date":"2019-03-30T20:50:17","date_gmt":"2019-03-30T19:50:17","guid":{"rendered":"https:\/\/dev.hoppe-biermeyer.de\/sc-ostenland\/?page_id=17"},"modified":"2024-12-03T19:33:04","modified_gmt":"2024-12-03T18:33:04","slug":"tennis","status":"publish","type":"page","link":"https:\/\/sc-ostenland.de\/index.php\/tennis","title":{"rendered":"Tennis"},"content":{"rendered":"<p style=\"text-align: left\"><span style=\"color: #ffffff\">Herzlich willkommen auf der Internetseite der Tennisabteilung des SC Blau-Wei\u00df Ostenland e.V.<\/span><br \/>\n<span style=\"color: #ffffff\"><img loading=\"lazy\" decoding=\"async\" class=\"alignright wp-image-4135\" src=\"https:\/\/sc-ostenland.de\/wp-content\/uploads\/2024\/07\/50-Jahre-Tennis-in-Ostenland.png\" alt=\"\" width=\"224\" height=\"146\" srcset=\"https:\/\/sc-ostenland.de\/wp-content\/uploads\/2024\/07\/50-Jahre-Tennis-in-Ostenland.png 320w, https:\/\/sc-ostenland.de\/wp-content\/uploads\/2024\/07\/50-Jahre-Tennis-in-Ostenland-250x163.png 250w, https:\/\/sc-ostenland.de\/wp-content\/uploads\/2024\/07\/50-Jahre-Tennis-in-Ostenland-120x78.png 120w\" sizes=\"(max-width: 224px) 100vw, 224px\" \/><\/span><\/p>\n<p class=\"p1\" style=\"text-align: left\"><span class=\"s1\" style=\"color: #ffffff\">Seit 1974 bieten wir Tennis in Ostenland an. <\/span><\/p>\n<p class=\"p1\" style=\"text-align: left\"><span class=\"s1\" style=\"color: #ffffff\">Unsere wundersch\u00f6ne Tennisanlage am L\u00f6nsweg 9 in 33129 Delbr\u00fcck-Ostenland verf\u00fcgt \u00fcber 5x Aschenpl\u00e4tze und einem gro\u00dfen und gem\u00fctlichen Clubhaus.<\/span><\/p>\n<p class=\"p1\" style=\"text-align: left\"><span class=\"s1\" style=\"color: #ffffff\">Unsere Leidenschaft f\u00fcr Tennis ist gro\u00df und wir legen gro\u00dfen Wert auf die Freude am Sport sowie das gesellige Miteinander, sowohl auf als auch neben dem Platz.<\/span><\/p>\n<p class=\"p1\" style=\"text-align: left\"><span class=\"s1\" style=\"color: #ffffff\">Wenn du die Leidenschaft f\u00fcr Tennis und die freundlichen Atmosph\u00e4re selbst erleben m\u00f6chtest, dann komm doch einfach vorbei! Es gibt nichts Besseres, als die Gemeinschaft und den Sport hautnah zuerleben. Wir freuen uns darauf, dich kennenzulernen und gemeinsam eine sch\u00f6ne Zeit auf dem Platz zu verbringen!<\/span><\/p>\n","protected":false},"excerpt":{"rendered":"Herzlich willkommen auf der Internetseite der Tennisabteilung des SC Blau-Wei\u00df Ostenland e.V. Seit 1974 bieten wir Tennis in Ostenland an. Unsere wundersch\u00f6ne Tennisanlage am L\u00f6nsweg 9 in 33129 Delbr\u00fcck-Ostenland verf\u00fcgt \u00fcber 5x Aschenpl\u00e4tze und einem gro\u00dfen und gem\u00fctlichen Clubhaus. Unsere Leidenschaft f\u00fcr Tennis ist gro\u00df und wir legen gro\u00dfen Wert auf die Freude am Sport...<\/br><\/br><a class=\"view-article\" href=\"https:\/\/sc-ostenland.de\/index.php\/tennis\">Artikel ansehen<\/a>","protected":false},"author":1,"featured_media":1004,"parent":0,"menu_order":6,"comment_status":"closed","ping_status":"closed","template":"","meta":{"_acf_changed":false,"footnotes":""},"acf":[],"_links":{"self":[{"href":"https:\/\/sc-ostenland.de\/index.php\/wp-json\/wp\/v2\/pages\/17"}],"collection":[{"href":"https:\/\/sc-ostenland.de\/index.php\/wp-json\/wp\/v2\/pages"}],"about":[{"href":"https:\/\/sc-ostenland.de\/index.php\/wp-json\/wp\/v2\/types\/page"}],"author":[{"embeddable":true,"href":"https:\/\/sc-ostenland.de\/index.php\/wp-json\/wp\/v2\/users\/1"}],"replies":[{"embeddable":true,"href":"https:\/\/sc-ostenland.de\/index.php\/wp-json\/wp\/v2\/comments?post=17"}],"version-history":[{"count":37,"href":"https:\/\/sc-ostenland.de\/index.php\/wp-json\/wp\/v2\/pages\/17\/revisions"}],"predecessor-version":[{"id":4325,"href":"https:\/\/sc-ostenland.de\/index.php\/wp-json\/wp\/v2\/pages\/17\/revisions\/4325"}],"wp:featuredmedia":[{"embeddable":true,"href":"https:\/\/sc-ostenland.de\/index.php\/wp-json\/wp\/v2\/media\/1004"}],"wp:attachment":[{"href":"https:\/\/sc-ostenland.de\/index.php\/wp-json\/wp\/v2\/media?parent=17"}],"curies":[{"name":"wp","href":"https:\/\/api.w.org\/{rel}","templated":true}]}}