{"id":3,"date":"2019-03-30T14:28:58","date_gmt":"2019-03-30T13:28:58","guid":{"rendered":"https:\/\/dev.hoppe-biermeyer.de\/sc-ostenland\/?page_id=3"},"modified":"2020-04-08T10:16:53","modified_gmt":"2020-04-08T08:16:53","slug":"datenschutzerklaerung","status":"publish","type":"page","link":"https:\/\/sc-ostenland.de\/index.php\/datenschutzerklaerung","title":{"rendered":"Datenschutzerkl\u00e4rung"},"content":{"rendered":"<h2>1. Hinweise zur Webseite<\/h2>\n<h3>1.1 Allgemeines<\/h3>\n<p>Der SC Blau-Wei\u00df Ostenland e. V., im folgenden Verein genannt, betreibt eine Webseite, die den Zweck hat, \u00fcber die Aktivit\u00e4ten des Vereins zu berichten und zu informieren. Dabei werden personenbezogene Daten von Ihnen angezeigt und auch technische personenbezogene Daten von Ihnen gesammelt, wenn Sie diese Webseite besuchen. Personenbezogene Daten sind alle Daten, mit denen Sie pers\u00f6nlich identifiziert werden k\u00f6nnen. Dazu geh\u00f6ren auch Bilder, auf denen Sie erkennbar sind aber auch technische Informationen wie die Internet-Adresse (IP-Adresse) des Computers, mit dem Sie die Webseite aufrufen. Neben der IP-Adresse wird auch die Uhrzeit des Besuchs, der Typ des Betriebssystem und der Typ des Webseitenbetrachters bzw. Browsers gespeichert. Der technische Teil der Daten wird erhoben, um die fehlerfreie Bereitstellung der Webseite zu gew\u00e4hrleisten.\n<\/p>\n<p>Direkte pers\u00f6nliche Daten wie Name, Adresse oder weiteres werden von der Webseite nicht abgefragt und nicht gespeichert.<\/p>\n<h3>1.2 Gespeicherte technische Daten pers\u00f6nlicher Art<\/h3>\n<h4>1.2.1 Cookies<\/h4>\n<p>Die Internetseite des Vereins verwendet sogenannte Cookies. Cookies sind kleine Textdateien, die Ihr Browser auf Ihrem Rechner speichert, wenn Sie eine Seite des Vereins aufrufen. Cookies richten auf Ihrem Rechner keinen Schaden an und enthalten keine Viren. Die Webseite funktioniert auch,\u00a0 wenn Sie das Ablegen von Cookies in Ihrem Browser abschalten.<\/p>\n<h4>1.2.2 Server-Log Dateien<\/h4>\n<p>Die Webseite des Vereins liegt auf den Servern des Providers STRATO AG. Bei dem Besuch der Webseite werden automatisch Informationen in einer sogenannten Server-Log-Datei erhoben. Dabei werden Ihre IP-Adresse, die Uhrzeit der Serveranfrage, der Typ des Betriebssystems Ihres Rechners und der verwendete Browser-Typ gespeichert. Diese Daten werden nicht weiter verarbeitet oder ver\u00f6ffentlicht. Sie dienen ausschlie\u00dflich der\u00a0 Fehlersuche. Eine Zusammenf\u00fchrung dieser Daten mit anderen Datenquellen geschieht nicht.<\/p>\n<p>Die Server, auf denen die Webseiten des Vereins gespeichert sind, stehen in Deutschland.<\/p>\n<h4>1.2.3 Speicherdauer der Log-Files und Backups<\/h4>\n<p>Die Speicherdauer f\u00fcr Logdateien betr\u00e4gt bei STRATO AG 7 Tage. Backups, die von STRATO AG regelm\u00e4\u00dfig durchgef\u00fchrt werden, werden 4 Wochen aufbewahrt.<\/p>\n<h4>1.2.4 Verweise und Links<\/h4>\n<p>Bei dem Aufrufen von Internetseiten, auf die im Rahmen dieser Website verwiesen wird, kann erneut nach Angaben wie Name, Anschrift, E-Mail-Adresse, Browsereigenschaften etc. gefragt werden. Diese Datenschutzerkl\u00e4rung regelt nicht das Erheben, die Weitergabe oder den Umgang personenbezogener Daten durch Dritte.<\/p>\n<p>Dritte Diensteanbieter k\u00f6nnen abweichende und eigene Bestimmungen im Umgang mit der Erhebung, Verarbeitung und Nutzung von personenbezogenen Daten haben. Es wird daher angeraten, sich auf den Internetseiten Dritter vor Eingabe von personenbezogenen Daten \u00fcber deren Praxis zur Handhabung von personenbezogenen Daten zu informieren.<\/p>\n<h2>2. Datenverarbeitung durch den Verein<\/h2>\n<p>Die Datenverarbeitung erfolgt durch den SC Blau-Wei\u00df Ostenland e. V. Dessen Kontaktdaten finden Sie im Impressum.<\/p>\n<p>Ihre Daten werden zum einen dadurch erhoben, dass Sie diese mitteilen oder Sie an den Veranstaltungen des Sportvereins teilnehmen.<\/p>\n<p>Die Daten werden genutzt, um Sie \u00fcber die Aktivit\u00e4ten des Vereins zu informieren oder um Ergebnisse von Sportveranstaltungen zu ver\u00f6ffentlichen. Dies geschieht in Form von Berichten, Fotos und Tabellen.<\/p>\n<p>Sie haben jederzeit das Recht unentgeltlich Auskunft \u00fcber Herkunft, Empf\u00e4nger und Zweck Ihrer gespeicherten personenbezogenen Daten zu erhalten. Sie haben au\u00dferdem ein Recht, die Berichtigung, Sperrung oder L\u00f6schung dieser Daten zu verlangen. Hierzu sowie zu weiteren Fragen zum Thema Datenschutz k\u00f6nnen Sie sich jederzeit unter der im Impressum angegebenen Adresse an uns wenden. Des Weiteren steht Ihnen ein Beschwerderecht bei der zust\u00e4ndigen Aufsichtsbeh\u00f6rde zu (siehe Punkt 3).<\/p>\n<h2>3. Datenschutzerkl\u00e4rung<\/h2>\n<h3>3.1 Bearbeitung von personenbezogenen Daten<\/h3>\n<p>Der Verein nimmt den Schutz Ihrer pers\u00f6nlichen Daten sehr ernst. Wir behandeln Ihre personenbezogenen Daten sorgf\u00e4ltig und entsprechend der gesetzlichen Datenschutzvorschriften sowie dieser Datenschutzerkl\u00e4rung.<\/p>\n<p>In den Berichten und Darstellungen bem\u00fchen wir uns um gr\u00f6\u00dftm\u00f6gliche Fehlerfreiheit. Durch menschliches Handeln kann niemals ausgeschlossen werden, dass sich Abweichungen ergeben.<\/p>\n<p>Wir weisen darauf hin, dass die Daten\u00fcbertragung im Internet (z. B. bei der Kommunikation per E-Mail) Sicherheitsl\u00fccken aufweisen kann. Ein l\u00fcckenloser Schutz der Daten vor dem Zugriff durch Dritte ist nicht m\u00f6glich.<\/p>\n<p>Der Vereinsvorstand, vertreten durch den ersten und zweiten Vorsitzenden ist die verantwortliche Stelle f\u00fcr die Datenverarbeitung dieses Vereins. Die Kontaktdaten finden Sie im Impressum.<\/p>\n<h3>3.2 Widerruf Ihrer Einwilligung zur Datenverarbeitung<\/h3>\n<p>Viele Datenverarbeitungsvorg\u00e4nge sind nur mit Ihrer ausdr\u00fccklichen Einwilligung m\u00f6glich. Sie k\u00f6nnen eine bereits erteilte Einwilligung jederzeit widerrufen. Dazu reicht eine formlose Mitteilung per E-Mail an uns. Die Rechtm\u00e4\u00dfigkeit der bis zum Widerruf erfolgten Datenverarbeitung bleibt vom Widerruf unber\u00fchrt.<\/p>\n<h3>3.3 Beschwerderecht bei der zust\u00e4ndigen Aufsichtsbeh\u00f6rde<\/h3>\n<p>Im Falle datenschutzrechtlicher Verst\u00f6\u00dfe steht dem Betroffenen ein Beschwerderecht bei der zust\u00e4ndigen Aufsichtsbeh\u00f6rde zu. Zust\u00e4ndige Aufsichtsbeh\u00f6rde in datenschutzrechtlichen Fragen ist der Landesdatenschutzbeauftragte des Landes Nordrhein-Westfalen.<\/p>\n<h3>3.4 Recht auf Daten\u00fcbertragbarkeit<\/h3>\n<p>Sie haben das Recht, Daten, die wir auf Grundlage Ihrer Einwilligung automatisiert verarbeiten, an sich oder an einen Dritten in einem g\u00e4ngigen, maschinenlesbaren Format aush\u00e4ndigen zu lassen. Sofern Sie die direkte \u00dcbertragung der Daten an einen anderen Verantwortlichen verlangen, erfolgt dies nur, soweit es technisch machbar ist.<\/p>\n<h3>3.5 Auskunft, Sperrung, L\u00f6schung<\/h3>\n<p>Sie haben im Rahmen der geltenden gesetzlichen Bestimmungen jederzeit das Recht auf unentgeltliche Auskunft \u00fcber Ihre gespeicherten personenbezogenen Daten, deren Herkunft und Empf\u00e4nger und den Zweck der Datenverarbeitung und ggf. ein Recht auf Berichtigung, Sperrung oder L\u00f6schung dieser Daten. Hierzu sowie zu weiteren Fragen zum Thema personenbezogene Daten k\u00f6nnen Sie sich jederzeit unter der im Impressum angegebenen Adresse an uns wenden.<\/p>\n<h3>3.6 Speicherfristen<\/h3>\n<p>Die Inhalte unserer Seiten enthalten Berichte und Fotos von Veranstaltungen, Listen von aktuellen und vorangegangenen Funktionstr\u00e4gern sowie Tabellen von Wettk\u00e4mpfen und Turnieren. Die Namen und die Ergebnisse werden im Rahmen von Veranstaltungen \u00f6ffentlich bekannt gegeben, so dass keine schutzw\u00fcrdigen Interessen oder Grundfreiheiten ber\u00fchrt werden. Rechtsgrundlage hierf\u00fcr ist Art. 6 Abs. 1 lit. f DSGVO. Bei Fotos regelt \u00a7 23 Abs. 1 Nr. 3 KUG, dass Bilder von Versammlungen oder Sportveranstaltungen keiner besonderen Einwilligung bed\u00fcrfen. Die Inhalte der Seiten werden regelm\u00e4\u00dfig aktualisiert, ausgetauscht und erg\u00e4nzt. Ergebnislisten von Wettk\u00e4mpfen und Turnieren gelten ebenfalls als \u00f6ffentlich.<\/p>\n","protected":false},"excerpt":{"rendered":"1. Hinweise zur Webseite 1.1 Allgemeines Der SC Blau-Wei\u00df Ostenland e. V., im folgenden Verein genannt, betreibt eine Webseite, die den Zweck hat, \u00fcber die Aktivit\u00e4ten des Vereins zu berichten und zu informieren. Dabei werden personenbezogene Daten von Ihnen angezeigt und auch technische personenbezogene Daten von Ihnen gesammelt, wenn Sie diese Webseite besuchen. Personenbezogene Daten...<\/br><\/br><a class=\"view-article\" href=\"https:\/\/sc-ostenland.de\/index.php\/datenschutzerklaerung\">Artikel ansehen<\/a>","protected":false},"author":1,"featured_media":0,"parent":0,"menu_order":0,"comment_status":"closed","ping_status":"open","template":"page-impressum.php","meta":{"_acf_changed":false,"footnotes":""},"acf":[],"_links":{"self":[{"href":"https:\/\/sc-ostenland.de\/index.php\/wp-json\/wp\/v2\/pages\/3"}],"collection":[{"href":"https:\/\/sc-ostenland.de\/index.php\/wp-json\/wp\/v2\/pages"}],"about":[{"href":"https:\/\/sc-ostenland.de\/index.php\/wp-json\/wp\/v2\/types\/page"}],"author":[{"embeddable":true,"href":"https:\/\/sc-ostenland.de\/index.php\/wp-json\/wp\/v2\/users\/1"}],"replies":[{"embeddable":true,"href":"https:\/\/sc-ostenland.de\/index.php\/wp-json\/wp\/v2\/comments?post=3"}],"version-history":[{"count":3,"href":"https:\/\/sc-ostenland.de\/index.php\/wp-json\/wp\/v2\/pages\/3\/revisions"}],"predecessor-version":[{"id":1229,"href":"https:\/\/sc-ostenland.de\/index.php\/wp-json\/wp\/v2\/pages\/3\/revisions\/1229"}],"wp:attachment":[{"href":"https:\/\/sc-ostenland.de\/index.php\/wp-json\/wp\/v2\/media?parent=3"}],"curies":[{"name":"wp","href":"https:\/\/api.w.org\/{rel}","templated":true}]}}