{"id":412,"date":"2019-10-24T00:12:06","date_gmt":"2019-10-23T22:12:06","guid":{"rendered":"https:\/\/dev.hoppe-biermeyer.de\/sc-ostenland\/?page_id=412"},"modified":"2025-11-20T19:29:42","modified_gmt":"2025-11-20T18:29:42","slug":"impressum","status":"publish","type":"page","link":"https:\/\/sc-ostenland.de\/index.php\/impressum","title":{"rendered":"Impressum"},"content":{"rendered":"<ul>\n<li><strong>SC Blau Wei\u00df Ostenland e. V.<\/strong><\/li>\n<li><strong>Horsth\u00f6fe 2<\/strong><\/li>\n<li><strong>33129 Delbr\u00fcck Ostenland<\/strong><\/li>\n<\/ul>\n<ul>\n<li>Telefon: +49 5250 995115<\/li>\n<li>E-Mail: <a href=\"mailto:geschaeftsstelle@sc-ostenland.de\">verwaltung[at]sc-ostenland.de<\/a><\/li>\n<\/ul>\n<ul>\n<li><strong>Vertretungsberechtigter Vorstand:<\/strong> Jens Wiedenmann<\/li>\n<\/ul>\n<ul>\n<li><strong>Inhaltlich Verantwortlicher gem\u00e4\u00df \u00a7 10 Absatz 3 MDStV:<\/strong><\/li>\n<li>Jens Wiedenmann<\/li>\n<li>Wittendorfer Stra\u00dfe\u00a037<\/li>\n<li>33129 Delbr\u00fcck<\/li>\n<\/ul>\n<ul>\n<li>Registergericht: Amtsgericht Paderborn<\/li>\n<li>Registernummer: VR 20150<\/li>\n<\/ul>\n<ul>\n<li><strong>Haftungshinweis:<\/strong> Trotz sorgf\u00e4ltiger inhaltlicher Kontrolle \u00fcbernehmen wir keine Haftung f\u00fcr die Inhalte externer Links. F\u00fcr den Inhalt der verlinkten Seiten sind ausschlie\u00dflich deren Betreiber verantwortlich.<\/li>\n<\/ul>\n","protected":false},"excerpt":{"rendered":"SC Blau Wei\u00df Ostenland e. V. Horsth\u00f6fe 2 33129 Delbr\u00fcck Ostenland Telefon: +49 5250 995115 E-Mail: verwaltung[at]sc-ostenland.de Vertretungsberechtigter Vorstand: Jens Wiedenmann Inhaltlich Verantwortlicher gem\u00e4\u00df \u00a7 10 Absatz 3 MDStV: Jens Wiedenmann Wittendorfer Stra\u00dfe\u00a037 33129 Delbr\u00fcck Registergericht: Amtsgericht Paderborn Registernummer: VR 20150 Haftungshinweis: Trotz sorgf\u00e4ltiger inhaltlicher Kontrolle \u00fcbernehmen wir keine Haftung f\u00fcr die Inhalte externer Links....<\/br><\/br><a class=\"view-article\" href=\"https:\/\/sc-ostenland.de\/index.php\/impressum\">Artikel ansehen<\/a>","protected":false},"author":1,"featured_media":0,"parent":0,"menu_order":10,"comment_status":"closed","ping_status":"closed","template":"page-impressum.php","meta":{"_acf_changed":false,"footnotes":""},"acf":[],"_links":{"self":[{"href":"https:\/\/sc-ostenland.de\/index.php\/wp-json\/wp\/v2\/pages\/412"}],"collection":[{"href":"https:\/\/sc-ostenland.de\/index.php\/wp-json\/wp\/v2\/pages"}],"about":[{"href":"https:\/\/sc-ostenland.de\/index.php\/wp-json\/wp\/v2\/types\/page"}],"author":[{"embeddable":true,"href":"https:\/\/sc-ostenland.de\/index.php\/wp-json\/wp\/v2\/users\/1"}],"replies":[{"embeddable":true,"href":"https:\/\/sc-ostenland.de\/index.php\/wp-json\/wp\/v2\/comments?post=412"}],"version-history":[{"count":12,"href":"https:\/\/sc-ostenland.de\/index.php\/wp-json\/wp\/v2\/pages\/412\/revisions"}],"predecessor-version":[{"id":4796,"href":"https:\/\/sc-ostenland.de\/index.php\/wp-json\/wp\/v2\/pages\/412\/revisions\/4796"}],"wp:attachment":[{"href":"https:\/\/sc-ostenland.de\/index.php\/wp-json\/wp\/v2\/media?parent=412"}],"curies":[{"name":"wp","href":"https:\/\/api.w.org\/{rel}","templated":true}]}}